{"id":32,"date":"2024-04-22T09:40:02","date_gmt":"2024-04-22T07:40:02","guid":{"rendered":"https:\/\/pfc.northitgroup.eu\/?page_id=32"},"modified":"2024-05-10T13:38:42","modified_gmt":"2024-05-10T11:38:42","slug":"arbeitsprozess","status":"publish","type":"page","link":"https:\/\/pfc.northitgroup.eu\/en\/working-process\/","title":{"rendered":"Overview"},"content":{"rendered":"<p>Here you will find an overview of our product range. You can go directly to the individual products or click through the catalogue. Depending on the project requirements, we use agile, waterfall or hybrid management approaches to plan, execute and control the project.<\/p>","protected":false},"excerpt":{"rendered":"<p>Here you will find an overview of our product range. You can go directly to the individual products or click through the catalogue. Depending on the project requirements, we use agile, waterfall or hybrid management approaches to plan, execute and control the project.<\/p>","protected":false},"author":1,"featured_media":0,"parent":0,"menu_order":0,"comment_status":"closed","ping_status":"closed","template":"flexible-content.php","meta":{"_acf_changed":false,"footnotes":""},"class_list":["post-32","page","type-page","status-publish","hentry"],"acf":[],"yoast_head":"<!-- This site is optimized with the Yoast SEO plugin v22.6 - https:\/\/yoast.com\/wordpress\/plugins\/seo\/ -->\n<title>\u00dcbersicht - NITG Product and Features catalog<\/title>\n<meta name=\"robots\" content=\"noindex, follow, max-snippet:-1, max-image-preview:large, max-video-preview:-1\" \/>\n<meta property=\"og:locale\" content=\"en_GB\" \/>\n<meta property=\"og:type\" content=\"article\" \/>\n<meta property=\"og:title\" content=\"\u00dcbersicht - NITG Product and Features catalog\" \/>\n<meta property=\"og:description\" content=\"Hier finden Sie eine \u00dcbersicht \u00fcber unser Produktsortiment. Sie haben die M\u00f6glichkeit, direkt zu den einzelnen Produkten zu gelangen oder sich durch den Katalog zu klicken. Je nach Projektanforderung wenden wir agile, Wasserfall- oder hybride Managementans\u00e4tze an, um das Projekt zu planen, auszuf\u00fchren und zu steuern.\" \/>\n<meta property=\"og:url\" content=\"https:\/\/pfc.northitgroup.eu\/en\/working-process\/\" \/>\n<meta property=\"og:site_name\" content=\"NITG Product and Features catalog\" \/>\n<meta property=\"article:publisher\" content=\"https:\/\/www.facebook.com\/northitgroup\/\" \/>\n<meta property=\"article:modified_time\" content=\"2024-05-10T11:38:42+00:00\" \/>\n<meta name=\"twitter:card\" content=\"summary_large_image\" \/>\n<meta name=\"twitter:label1\" content=\"Estimated reading time\" \/>\n\t<meta name=\"twitter:data1\" content=\"1 minute\" \/>\n<script type=\"application\/ld+json\" class=\"yoast-schema-graph\">{\"@context\":\"https:\/\/schema.org\",\"@graph\":[{\"@type\":\"WebPage\",\"@id\":\"https:\/\/pfc.northitgroup.eu\/arbeitsprozess\/\",\"url\":\"https:\/\/pfc.northitgroup.eu\/arbeitsprozess\/\",\"name\":\"\u00dcbersicht - NITG Product and Features catalog\",\"isPartOf\":{\"@id\":\"https:\/\/pfc.northitgroup.eu\/#website\"},\"datePublished\":\"2024-04-22T07:40:02+00:00\",\"dateModified\":\"2024-05-10T11:38:42+00:00\",\"breadcrumb\":{\"@id\":\"https:\/\/pfc.northitgroup.eu\/arbeitsprozess\/#breadcrumb\"},\"inLanguage\":\"en-GB\",\"potentialAction\":[{\"@type\":\"ReadAction\",\"target\":[\"https:\/\/pfc.northitgroup.eu\/arbeitsprozess\/\"]}]},{\"@type\":\"BreadcrumbList\",\"@id\":\"https:\/\/pfc.northitgroup.eu\/arbeitsprozess\/#breadcrumb\",\"itemListElement\":[{\"@type\":\"ListItem\",\"position\":1,\"name\":\"Home\",\"item\":\"https:\/\/pfc.northitgroup.eu\/\"},{\"@type\":\"ListItem\",\"position\":2,\"name\":\"\u00dcbersicht\"}]},{\"@type\":\"WebSite\",\"@id\":\"https:\/\/pfc.northitgroup.eu\/#website\",\"url\":\"https:\/\/pfc.northitgroup.eu\/\",\"name\":\"NITG Product and Features catalog\",\"description\":\"\",\"publisher\":{\"@id\":\"https:\/\/pfc.northitgroup.eu\/#organization\"},\"potentialAction\":[{\"@type\":\"SearchAction\",\"target\":{\"@type\":\"EntryPoint\",\"urlTemplate\":\"https:\/\/pfc.northitgroup.eu\/?s={search_term_string}\"},\"query-input\":\"required name=search_term_string\"}],\"inLanguage\":\"en-GB\"},{\"@type\":\"Organization\",\"@id\":\"https:\/\/pfc.northitgroup.eu\/#organization\",\"name\":\"NITG Product and Features catalog\",\"url\":\"https:\/\/pfc.northitgroup.eu\/\",\"logo\":{\"@type\":\"ImageObject\",\"inLanguage\":\"en-GB\",\"@id\":\"https:\/\/pfc.northitgroup.eu\/#\/schema\/logo\/image\/\",\"url\":\"https:\/\/pfc.northitgroup.eu\/wp-content\/uploads\/2024\/04\/logo_black.svg\",\"contentUrl\":\"https:\/\/pfc.northitgroup.eu\/wp-content\/uploads\/2024\/04\/logo_black.svg\",\"width\":165,\"height\":39,\"caption\":\"NITG Product and Features catalog\"},\"image\":{\"@id\":\"https:\/\/pfc.northitgroup.eu\/#\/schema\/logo\/image\/\"},\"sameAs\":[\"https:\/\/www.facebook.com\/northitgroup\/\"]}]}<\/script>\n<!-- \/ Yoast SEO plugin. -->","yoast_head_json":{"title":"\u00dcbersicht - NITG Product and Features catalog","robots":{"index":"noindex","follow":"follow","max-snippet":"max-snippet:-1","max-image-preview":"max-image-preview:large","max-video-preview":"max-video-preview:-1"},"og_locale":"en_GB","og_type":"article","og_title":"\u00dcbersicht - NITG Product and Features catalog","og_description":"Hier finden Sie eine \u00dcbersicht \u00fcber unser Produktsortiment. Sie haben die M\u00f6glichkeit, direkt zu den einzelnen Produkten zu gelangen oder sich durch den Katalog zu klicken. Je nach Projektanforderung wenden wir agile, Wasserfall- oder hybride Managementans\u00e4tze an, um das Projekt zu planen, auszuf\u00fchren und zu steuern.","og_url":"https:\/\/pfc.northitgroup.eu\/en\/working-process\/","og_site_name":"NITG Product and Features catalog","article_publisher":"https:\/\/www.facebook.com\/northitgroup\/","article_modified_time":"2024-05-10T11:38:42+00:00","twitter_card":"summary_large_image","twitter_misc":{"Estimated reading time":"1 minute"},"schema":{"@context":"https:\/\/schema.org","@graph":[{"@type":"WebPage","@id":"https:\/\/pfc.northitgroup.eu\/arbeitsprozess\/","url":"https:\/\/pfc.northitgroup.eu\/arbeitsprozess\/","name":"\u00dcbersicht - NITG Product and Features catalog","isPartOf":{"@id":"https:\/\/pfc.northitgroup.eu\/#website"},"datePublished":"2024-04-22T07:40:02+00:00","dateModified":"2024-05-10T11:38:42+00:00","breadcrumb":{"@id":"https:\/\/pfc.northitgroup.eu\/arbeitsprozess\/#breadcrumb"},"inLanguage":"en-GB","potentialAction":[{"@type":"ReadAction","target":["https:\/\/pfc.northitgroup.eu\/arbeitsprozess\/"]}]},{"@type":"BreadcrumbList","@id":"https:\/\/pfc.northitgroup.eu\/arbeitsprozess\/#breadcrumb","itemListElement":[{"@type":"ListItem","position":1,"name":"Home","item":"https:\/\/pfc.northitgroup.eu\/"},{"@type":"ListItem","position":2,"name":"\u00dcbersicht"}]},{"@type":"WebSite","@id":"https:\/\/pfc.northitgroup.eu\/#website","url":"https:\/\/pfc.northitgroup.eu\/","name":"NITG Product and Features catalog","description":"","publisher":{"@id":"https:\/\/pfc.northitgroup.eu\/#organization"},"potentialAction":[{"@type":"SearchAction","target":{"@type":"EntryPoint","urlTemplate":"https:\/\/pfc.northitgroup.eu\/?s={search_term_string}"},"query-input":"required name=search_term_string"}],"inLanguage":"en-GB"},{"@type":"Organization","@id":"https:\/\/pfc.northitgroup.eu\/#organization","name":"NITG Product and Features catalog","url":"https:\/\/pfc.northitgroup.eu\/","logo":{"@type":"ImageObject","inLanguage":"en-GB","@id":"https:\/\/pfc.northitgroup.eu\/#\/schema\/logo\/image\/","url":"https:\/\/pfc.northitgroup.eu\/wp-content\/uploads\/2024\/04\/logo_black.svg","contentUrl":"https:\/\/pfc.northitgroup.eu\/wp-content\/uploads\/2024\/04\/logo_black.svg","width":165,"height":39,"caption":"NITG Product and Features catalog"},"image":{"@id":"https:\/\/pfc.northitgroup.eu\/#\/schema\/logo\/image\/"},"sameAs":["https:\/\/www.facebook.com\/northitgroup\/"]}]}},"_links":{"self":[{"href":"https:\/\/pfc.northitgroup.eu\/en\/wp-json\/wp\/v2\/pages\/32"}],"collection":[{"href":"https:\/\/pfc.northitgroup.eu\/en\/wp-json\/wp\/v2\/pages"}],"about":[{"href":"https:\/\/pfc.northitgroup.eu\/en\/wp-json\/wp\/v2\/types\/page"}],"author":[{"embeddable":true,"href":"https:\/\/pfc.northitgroup.eu\/en\/wp-json\/wp\/v2\/users\/1"}],"replies":[{"embeddable":true,"href":"https:\/\/pfc.northitgroup.eu\/en\/wp-json\/wp\/v2\/comments?post=32"}],"version-history":[{"count":19,"href":"https:\/\/pfc.northitgroup.eu\/en\/wp-json\/wp\/v2\/pages\/32\/revisions"}],"predecessor-version":[{"id":779,"href":"https:\/\/pfc.northitgroup.eu\/en\/wp-json\/wp\/v2\/pages\/32\/revisions\/779"}],"wp:attachment":[{"href":"https:\/\/pfc.northitgroup.eu\/en\/wp-json\/wp\/v2\/media?parent=32"}],"curies":[{"name":"wp","href":"https:\/\/api.w.org\/{rel}","templated":true}]}}