{"id":40,"date":"2024-04-22T10:04:25","date_gmt":"2024-04-22T08:04:25","guid":{"rendered":"https:\/\/pfc.northitgroup.eu\/?page_id=40"},"modified":"2024-05-05T22:33:42","modified_gmt":"2024-05-05T20:33:42","slug":"seo","status":"publish","type":"page","link":"https:\/\/pfc.northitgroup.eu\/en\/seo\/","title":{"rendered":"SEO"},"content":{"rendered":"<p>SEO - search engine optimization, is the practice of optimizing online content to improve its visibility and ranking in search engine results. This involves using relevant keywords, creating quality content, and adhering to technical standards to enhance a website's organic search performance and attract targeted traffic.<\/p>","protected":false},"excerpt":{"rendered":"<p>SEO - search engine optimization, is the practice of optimizing online content to improve its visibility and ranking in search engine results. This involves using relevant keywords, creating quality content, and adhering to technical standards to enhance a website's organic search performance and attract targeted traffic.<\/p>","protected":false},"author":1,"featured_media":0,"parent":0,"menu_order":0,"comment_status":"closed","ping_status":"closed","template":"flexible-content.php","meta":{"_acf_changed":false,"footnotes":""},"class_list":["post-40","page","type-page","status-publish","hentry"],"acf":[],"yoast_head":"<!-- This site is optimized with the Yoast SEO plugin v22.6 - https:\/\/yoast.com\/wordpress\/plugins\/seo\/ -->\n<title>SEO - NITG Product and Features catalog<\/title>\n<meta name=\"robots\" content=\"noindex, follow, max-snippet:-1, max-image-preview:large, max-video-preview:-1\" \/>\n<meta property=\"og:locale\" content=\"en_GB\" \/>\n<meta property=\"og:type\" content=\"article\" \/>\n<meta property=\"og:title\" content=\"SEO - NITG Product and Features catalog\" \/>\n<meta property=\"og:description\" content=\"SEO (Search Engine Optimization) ist die Optimierung von Online-Inhalten, um deren Sichtbarkeit und Platzierung in den Suchmaschinenergebnissen zu verbessern. Dazu geh\u00f6rt die Verwendung relevanter Schl\u00fcsselw\u00f6rter, die Erstellung hochwertiger Inhalte und die Beachtung technischer Standards, um die organische Performance einer Website zu verbessern und gezielten Traffic zu gewinnen.\" \/>\n<meta property=\"og:url\" content=\"https:\/\/pfc.northitgroup.eu\/en\/seo\/\" \/>\n<meta property=\"og:site_name\" content=\"NITG Product and Features catalog\" \/>\n<meta property=\"article:publisher\" content=\"https:\/\/www.facebook.com\/northitgroup\/\" \/>\n<meta property=\"article:modified_time\" content=\"2024-05-05T20:33:42+00:00\" \/>\n<meta name=\"twitter:card\" content=\"summary_large_image\" \/>\n<script type=\"application\/ld+json\" class=\"yoast-schema-graph\">{\"@context\":\"https:\/\/schema.org\",\"@graph\":[{\"@type\":\"WebPage\",\"@id\":\"https:\/\/pfc.northitgroup.eu\/en\/seo\/\",\"url\":\"https:\/\/pfc.northitgroup.eu\/en\/seo\/\",\"name\":\"SEO - NITG Product and Features catalog\",\"isPartOf\":{\"@id\":\"https:\/\/pfc.northitgroup.eu\/#website\"},\"datePublished\":\"2024-04-22T08:04:25+00:00\",\"dateModified\":\"2024-05-05T20:33:42+00:00\",\"breadcrumb\":{\"@id\":\"https:\/\/pfc.northitgroup.eu\/en\/seo\/#breadcrumb\"},\"inLanguage\":\"en-GB\",\"potentialAction\":[{\"@type\":\"ReadAction\",\"target\":[\"https:\/\/pfc.northitgroup.eu\/en\/seo\/\"]}]},{\"@type\":\"BreadcrumbList\",\"@id\":\"https:\/\/pfc.northitgroup.eu\/en\/seo\/#breadcrumb\",\"itemListElement\":[{\"@type\":\"ListItem\",\"position\":1,\"name\":\"Home\",\"item\":\"https:\/\/pfc.northitgroup.eu\/\"},{\"@type\":\"ListItem\",\"position\":2,\"name\":\"SEO\"}]},{\"@type\":\"WebSite\",\"@id\":\"https:\/\/pfc.northitgroup.eu\/#website\",\"url\":\"https:\/\/pfc.northitgroup.eu\/\",\"name\":\"NITG Product and Features catalog\",\"description\":\"\",\"publisher\":{\"@id\":\"https:\/\/pfc.northitgroup.eu\/#organization\"},\"potentialAction\":[{\"@type\":\"SearchAction\",\"target\":{\"@type\":\"EntryPoint\",\"urlTemplate\":\"https:\/\/pfc.northitgroup.eu\/?s={search_term_string}\"},\"query-input\":\"required name=search_term_string\"}],\"inLanguage\":\"en-GB\"},{\"@type\":\"Organization\",\"@id\":\"https:\/\/pfc.northitgroup.eu\/#organization\",\"name\":\"NITG Product and Features catalog\",\"url\":\"https:\/\/pfc.northitgroup.eu\/\",\"logo\":{\"@type\":\"ImageObject\",\"inLanguage\":\"en-GB\",\"@id\":\"https:\/\/pfc.northitgroup.eu\/#\/schema\/logo\/image\/\",\"url\":\"https:\/\/pfc.northitgroup.eu\/wp-content\/uploads\/2024\/04\/logo_black.svg\",\"contentUrl\":\"https:\/\/pfc.northitgroup.eu\/wp-content\/uploads\/2024\/04\/logo_black.svg\",\"width\":165,\"height\":39,\"caption\":\"NITG Product and Features catalog\"},\"image\":{\"@id\":\"https:\/\/pfc.northitgroup.eu\/#\/schema\/logo\/image\/\"},\"sameAs\":[\"https:\/\/www.facebook.com\/northitgroup\/\"]}]}<\/script>\n<!-- \/ Yoast SEO plugin. -->","yoast_head_json":{"title":"SEO - NITG Product and Features catalog","robots":{"index":"noindex","follow":"follow","max-snippet":"max-snippet:-1","max-image-preview":"max-image-preview:large","max-video-preview":"max-video-preview:-1"},"og_locale":"en_GB","og_type":"article","og_title":"SEO - NITG Product and Features catalog","og_description":"SEO (Search Engine Optimization) ist die Optimierung von Online-Inhalten, um deren Sichtbarkeit und Platzierung in den Suchmaschinenergebnissen zu verbessern. Dazu geh\u00f6rt die Verwendung relevanter Schl\u00fcsselw\u00f6rter, die Erstellung hochwertiger Inhalte und die Beachtung technischer Standards, um die organische Performance einer Website zu verbessern und gezielten Traffic zu gewinnen.","og_url":"https:\/\/pfc.northitgroup.eu\/en\/seo\/","og_site_name":"NITG Product and Features catalog","article_publisher":"https:\/\/www.facebook.com\/northitgroup\/","article_modified_time":"2024-05-05T20:33:42+00:00","twitter_card":"summary_large_image","schema":{"@context":"https:\/\/schema.org","@graph":[{"@type":"WebPage","@id":"https:\/\/pfc.northitgroup.eu\/en\/seo\/","url":"https:\/\/pfc.northitgroup.eu\/en\/seo\/","name":"SEO - NITG Product and Features catalog","isPartOf":{"@id":"https:\/\/pfc.northitgroup.eu\/#website"},"datePublished":"2024-04-22T08:04:25+00:00","dateModified":"2024-05-05T20:33:42+00:00","breadcrumb":{"@id":"https:\/\/pfc.northitgroup.eu\/en\/seo\/#breadcrumb"},"inLanguage":"en-GB","potentialAction":[{"@type":"ReadAction","target":["https:\/\/pfc.northitgroup.eu\/en\/seo\/"]}]},{"@type":"BreadcrumbList","@id":"https:\/\/pfc.northitgroup.eu\/en\/seo\/#breadcrumb","itemListElement":[{"@type":"ListItem","position":1,"name":"Home","item":"https:\/\/pfc.northitgroup.eu\/"},{"@type":"ListItem","position":2,"name":"SEO"}]},{"@type":"WebSite","@id":"https:\/\/pfc.northitgroup.eu\/#website","url":"https:\/\/pfc.northitgroup.eu\/","name":"NITG Product and Features catalog","description":"","publisher":{"@id":"https:\/\/pfc.northitgroup.eu\/#organization"},"potentialAction":[{"@type":"SearchAction","target":{"@type":"EntryPoint","urlTemplate":"https:\/\/pfc.northitgroup.eu\/?s={search_term_string}"},"query-input":"required name=search_term_string"}],"inLanguage":"en-GB"},{"@type":"Organization","@id":"https:\/\/pfc.northitgroup.eu\/#organization","name":"NITG Product and Features catalog","url":"https:\/\/pfc.northitgroup.eu\/","logo":{"@type":"ImageObject","inLanguage":"en-GB","@id":"https:\/\/pfc.northitgroup.eu\/#\/schema\/logo\/image\/","url":"https:\/\/pfc.northitgroup.eu\/wp-content\/uploads\/2024\/04\/logo_black.svg","contentUrl":"https:\/\/pfc.northitgroup.eu\/wp-content\/uploads\/2024\/04\/logo_black.svg","width":165,"height":39,"caption":"NITG Product and Features catalog"},"image":{"@id":"https:\/\/pfc.northitgroup.eu\/#\/schema\/logo\/image\/"},"sameAs":["https:\/\/www.facebook.com\/northitgroup\/"]}]}},"_links":{"self":[{"href":"https:\/\/pfc.northitgroup.eu\/en\/wp-json\/wp\/v2\/pages\/40"}],"collection":[{"href":"https:\/\/pfc.northitgroup.eu\/en\/wp-json\/wp\/v2\/pages"}],"about":[{"href":"https:\/\/pfc.northitgroup.eu\/en\/wp-json\/wp\/v2\/types\/page"}],"author":[{"embeddable":true,"href":"https:\/\/pfc.northitgroup.eu\/en\/wp-json\/wp\/v2\/users\/1"}],"replies":[{"embeddable":true,"href":"https:\/\/pfc.northitgroup.eu\/en\/wp-json\/wp\/v2\/comments?post=40"}],"version-history":[{"count":4,"href":"https:\/\/pfc.northitgroup.eu\/en\/wp-json\/wp\/v2\/pages\/40\/revisions"}],"predecessor-version":[{"id":676,"href":"https:\/\/pfc.northitgroup.eu\/en\/wp-json\/wp\/v2\/pages\/40\/revisions\/676"}],"wp:attachment":[{"href":"https:\/\/pfc.northitgroup.eu\/en\/wp-json\/wp\/v2\/media?parent=40"}],"curies":[{"name":"wp","href":"https:\/\/api.w.org\/{rel}","templated":true}]}}