{"id":48,"date":"2024-04-22T10:07:42","date_gmt":"2024-04-22T08:07:42","guid":{"rendered":"https:\/\/pfc.northitgroup.eu\/?page_id=48"},"modified":"2024-05-06T11:15:17","modified_gmt":"2024-05-06T09:15:17","slug":"katalog-von-leistungen-produkten","status":"publish","type":"page","link":"https:\/\/pfc.northitgroup.eu\/en\/","title":{"rendered":"Katalog von<br> Leistungen <span class=\"h1-additional\">&#038;<\/span> Produkten"},"content":{"rendered":"<p>We are the North IT Group, your software development company for digital platform business. We develop innovative websites, digital platforms and apps. On the following pages, we present our full range of services in a clearly structured format reminiscent of the tried-and-tested analogue OTTO catalogue.<\/p>","protected":false},"excerpt":{"rendered":"<p>We are the North IT Group, your software development company for digital platform business. We develop innovative websites, digital platforms and apps. On the following pages, we present our full range of services in a clearly structured format reminiscent of the tried-and-tested analogue OTTO catalogue.<\/p>","protected":false},"author":1,"featured_media":0,"parent":0,"menu_order":0,"comment_status":"closed","ping_status":"closed","template":"","meta":{"_acf_changed":false,"footnotes":""},"class_list":["post-48","page","type-page","status-publish","hentry"],"acf":[],"yoast_head":"<!-- This site is optimized with the Yoast SEO plugin v22.6 - https:\/\/yoast.com\/wordpress\/plugins\/seo\/ -->\n<title>Katalog von Leistungen &amp; Produkten - NITG Product and Features catalog<\/title>\n<meta name=\"robots\" content=\"noindex, follow, max-snippet:-1, max-image-preview:large, max-video-preview:-1\" \/>\n<meta property=\"og:locale\" content=\"en_GB\" \/>\n<meta property=\"og:type\" content=\"article\" \/>\n<meta property=\"og:title\" content=\"Katalog von Leistungen &amp; Produkten - NITG Product and Features catalog\" \/>\n<meta property=\"og:description\" content=\"Wir sind die North IT Group, Ihre Softwareentwicklungsfirma f\u00fcr digitales Plattformbusiness. Wir entwickeln innovative Websites, digitale Plattformen und Apps. Auf den folgenden Seiten pr\u00e4sentieren wir Ihnen unser vollst\u00e4ndiges Leistungsspektrum in einer \u00fcbersichtlichen Form, die an den bew\u00e4hrten analogen OTTO-Katalog erinnert.\" \/>\n<meta property=\"og:url\" content=\"https:\/\/pfc.northitgroup.eu\/en\/\" \/>\n<meta property=\"og:site_name\" content=\"NITG Product and Features catalog\" \/>\n<meta property=\"article:publisher\" content=\"https:\/\/www.facebook.com\/northitgroup\/\" \/>\n<meta property=\"article:modified_time\" content=\"2024-05-06T09:15:17+00:00\" \/>\n<meta name=\"twitter:card\" content=\"summary_large_image\" \/>\n<script type=\"application\/ld+json\" class=\"yoast-schema-graph\">{\"@context\":\"https:\/\/schema.org\",\"@graph\":[{\"@type\":\"WebPage\",\"@id\":\"https:\/\/pfc.northitgroup.eu\/\",\"url\":\"https:\/\/pfc.northitgroup.eu\/\",\"name\":\"Katalog von Leistungen & Produkten - NITG Product and Features catalog\",\"isPartOf\":{\"@id\":\"https:\/\/pfc.northitgroup.eu\/#website\"},\"datePublished\":\"2024-04-22T08:07:42+00:00\",\"dateModified\":\"2024-05-06T09:15:17+00:00\",\"breadcrumb\":{\"@id\":\"https:\/\/pfc.northitgroup.eu\/#breadcrumb\"},\"inLanguage\":\"en-GB\",\"potentialAction\":[{\"@type\":\"ReadAction\",\"target\":[\"https:\/\/pfc.northitgroup.eu\/\"]}]},{\"@type\":\"BreadcrumbList\",\"@id\":\"https:\/\/pfc.northitgroup.eu\/#breadcrumb\",\"itemListElement\":[{\"@type\":\"ListItem\",\"position\":1,\"name\":\"Home\",\"item\":\"https:\/\/pfc.northitgroup.eu\/\"},{\"@type\":\"ListItem\",\"position\":2,\"name\":\"Katalog von Leistungen &#038; Produkten\"}]},{\"@type\":\"WebSite\",\"@id\":\"https:\/\/pfc.northitgroup.eu\/#website\",\"url\":\"https:\/\/pfc.northitgroup.eu\/\",\"name\":\"NITG Product and Features catalog\",\"description\":\"\",\"publisher\":{\"@id\":\"https:\/\/pfc.northitgroup.eu\/#organization\"},\"potentialAction\":[{\"@type\":\"SearchAction\",\"target\":{\"@type\":\"EntryPoint\",\"urlTemplate\":\"https:\/\/pfc.northitgroup.eu\/?s={search_term_string}\"},\"query-input\":\"required name=search_term_string\"}],\"inLanguage\":\"en-GB\"},{\"@type\":\"Organization\",\"@id\":\"https:\/\/pfc.northitgroup.eu\/#organization\",\"name\":\"NITG Product and Features catalog\",\"url\":\"https:\/\/pfc.northitgroup.eu\/\",\"logo\":{\"@type\":\"ImageObject\",\"inLanguage\":\"en-GB\",\"@id\":\"https:\/\/pfc.northitgroup.eu\/#\/schema\/logo\/image\/\",\"url\":\"https:\/\/pfc.northitgroup.eu\/wp-content\/uploads\/2024\/04\/logo_black.svg\",\"contentUrl\":\"https:\/\/pfc.northitgroup.eu\/wp-content\/uploads\/2024\/04\/logo_black.svg\",\"width\":165,\"height\":39,\"caption\":\"NITG Product and Features catalog\"},\"image\":{\"@id\":\"https:\/\/pfc.northitgroup.eu\/#\/schema\/logo\/image\/\"},\"sameAs\":[\"https:\/\/www.facebook.com\/northitgroup\/\"]}]}<\/script>\n<!-- \/ Yoast SEO plugin. -->","yoast_head_json":{"title":"Katalog von Leistungen & Produkten - NITG Product and Features catalog","robots":{"index":"noindex","follow":"follow","max-snippet":"max-snippet:-1","max-image-preview":"max-image-preview:large","max-video-preview":"max-video-preview:-1"},"og_locale":"en_GB","og_type":"article","og_title":"Katalog von Leistungen & Produkten - NITG Product and Features catalog","og_description":"Wir sind die North IT Group, Ihre Softwareentwicklungsfirma f\u00fcr digitales Plattformbusiness. Wir entwickeln innovative Websites, digitale Plattformen und Apps. Auf den folgenden Seiten pr\u00e4sentieren wir Ihnen unser vollst\u00e4ndiges Leistungsspektrum in einer \u00fcbersichtlichen Form, die an den bew\u00e4hrten analogen OTTO-Katalog erinnert.","og_url":"https:\/\/pfc.northitgroup.eu\/en\/","og_site_name":"NITG Product and Features catalog","article_publisher":"https:\/\/www.facebook.com\/northitgroup\/","article_modified_time":"2024-05-06T09:15:17+00:00","twitter_card":"summary_large_image","schema":{"@context":"https:\/\/schema.org","@graph":[{"@type":"WebPage","@id":"https:\/\/pfc.northitgroup.eu\/","url":"https:\/\/pfc.northitgroup.eu\/","name":"Katalog von Leistungen & Produkten - NITG Product and Features catalog","isPartOf":{"@id":"https:\/\/pfc.northitgroup.eu\/#website"},"datePublished":"2024-04-22T08:07:42+00:00","dateModified":"2024-05-06T09:15:17+00:00","breadcrumb":{"@id":"https:\/\/pfc.northitgroup.eu\/#breadcrumb"},"inLanguage":"en-GB","potentialAction":[{"@type":"ReadAction","target":["https:\/\/pfc.northitgroup.eu\/"]}]},{"@type":"BreadcrumbList","@id":"https:\/\/pfc.northitgroup.eu\/#breadcrumb","itemListElement":[{"@type":"ListItem","position":1,"name":"Home","item":"https:\/\/pfc.northitgroup.eu\/"},{"@type":"ListItem","position":2,"name":"Katalog von Leistungen &#038; Produkten"}]},{"@type":"WebSite","@id":"https:\/\/pfc.northitgroup.eu\/#website","url":"https:\/\/pfc.northitgroup.eu\/","name":"NITG Product and Features catalog","description":"","publisher":{"@id":"https:\/\/pfc.northitgroup.eu\/#organization"},"potentialAction":[{"@type":"SearchAction","target":{"@type":"EntryPoint","urlTemplate":"https:\/\/pfc.northitgroup.eu\/?s={search_term_string}"},"query-input":"required name=search_term_string"}],"inLanguage":"en-GB"},{"@type":"Organization","@id":"https:\/\/pfc.northitgroup.eu\/#organization","name":"NITG Product and Features catalog","url":"https:\/\/pfc.northitgroup.eu\/","logo":{"@type":"ImageObject","inLanguage":"en-GB","@id":"https:\/\/pfc.northitgroup.eu\/#\/schema\/logo\/image\/","url":"https:\/\/pfc.northitgroup.eu\/wp-content\/uploads\/2024\/04\/logo_black.svg","contentUrl":"https:\/\/pfc.northitgroup.eu\/wp-content\/uploads\/2024\/04\/logo_black.svg","width":165,"height":39,"caption":"NITG Product and Features catalog"},"image":{"@id":"https:\/\/pfc.northitgroup.eu\/#\/schema\/logo\/image\/"},"sameAs":["https:\/\/www.facebook.com\/northitgroup\/"]}]}},"_links":{"self":[{"href":"https:\/\/pfc.northitgroup.eu\/en\/wp-json\/wp\/v2\/pages\/48"}],"collection":[{"href":"https:\/\/pfc.northitgroup.eu\/en\/wp-json\/wp\/v2\/pages"}],"about":[{"href":"https:\/\/pfc.northitgroup.eu\/en\/wp-json\/wp\/v2\/types\/page"}],"author":[{"embeddable":true,"href":"https:\/\/pfc.northitgroup.eu\/en\/wp-json\/wp\/v2\/users\/1"}],"replies":[{"embeddable":true,"href":"https:\/\/pfc.northitgroup.eu\/en\/wp-json\/wp\/v2\/comments?post=48"}],"version-history":[{"count":7,"href":"https:\/\/pfc.northitgroup.eu\/en\/wp-json\/wp\/v2\/pages\/48\/revisions"}],"predecessor-version":[{"id":768,"href":"https:\/\/pfc.northitgroup.eu\/en\/wp-json\/wp\/v2\/pages\/48\/revisions\/768"}],"wp:attachment":[{"href":"https:\/\/pfc.northitgroup.eu\/en\/wp-json\/wp\/v2\/media?parent=48"}],"curies":[{"name":"wp","href":"https:\/\/api.w.org\/{rel}","templated":true}]}}